{"id":999,"date":"2025-01-20T11:19:45","date_gmt":"2025-01-20T11:19:45","guid":{"rendered":"https:\/\/medicalaid-india.com\/?page_id=999"},"modified":"2025-01-20T11:37:45","modified_gmt":"2025-01-20T11:37:45","slug":"medical-camp-in-penukonda-vom-8-bis-12-januar-2025","status":"publish","type":"page","link":"https:\/\/medicalaid-india.com\/en\/medical-camp-in-penukonda-vom-8-bis-12-januar-2025\/","title":{"rendered":"Medical Camp in Penukonda vom 8. bis 12 Januar 2025"},"content":{"rendered":"<div data-elementor-type=\"wp-page\" data-elementor-id=\"999\" class=\"elementor elementor-999\">\n\t\t\t\t\t\t\t\t\t<section class=\"elementor-section elementor-top-section elementor-element elementor-element-f5ecbb7 elementor-section-height-min-height elementor-section-boxed elementor-section-height-default elementor-section-items-middle\" data-id=\"f5ecbb7\" data-element_type=\"section\" data-settings=\"{&quot;background_background&quot;:&quot;classic&quot;}\">\n\t\t\t\t\t\t<div class=\"elementor-container elementor-column-gap-default\">\n\t\t\t\t\t<div class=\"elementor-column elementor-col-100 elementor-top-column elementor-element elementor-element-5d9563f\" data-id=\"5d9563f\" data-element_type=\"column\">\n\t\t\t<div class=\"elementor-widget-wrap\">\n\t\t\t\t\t\t\t\t\t<\/div>\n\t\t<\/div>\n\t\t\t\t\t\t\t<\/div>\n\t\t<\/section>\n\t\t\t\t<section class=\"elementor-section elementor-top-section elementor-element elementor-element-0528b54 elementor-section-boxed elementor-section-height-default elementor-section-height-default\" data-id=\"0528b54\" data-element_type=\"section\">\n\t\t\t\t\t\t<div class=\"elementor-container elementor-column-gap-default\">\n\t\t\t\t\t<div class=\"elementor-column elementor-col-100 elementor-top-column elementor-element elementor-element-d32e449\" data-id=\"d32e449\" data-element_type=\"column\">\n\t\t\t<div class=\"elementor-widget-wrap elementor-element-populated\">\n\t\t\t\t\t\t\t\t<div class=\"elementor-element elementor-element-545a590 elementor-widget elementor-widget-text-editor\" data-id=\"545a590\" data-element_type=\"widget\" data-widget_type=\"text-editor.default\">\n\t\t\t\t<div class=\"elementor-widget-container\">\n\t\t\t<style>\/*! elementor - v3.6.5 - 27-04-2022 *\/\n.elementor-widget-text-editor.elementor-drop-cap-view-stacked .elementor-drop-cap{background-color:#818a91;color:#fff}.elementor-widget-text-editor.elementor-drop-cap-view-framed .elementor-drop-cap{color:#818a91;border:3px solid;background-color:transparent}.elementor-widget-text-editor:not(.elementor-drop-cap-view-default) .elementor-drop-cap{margin-top:8px}.elementor-widget-text-editor:not(.elementor-drop-cap-view-default) .elementor-drop-cap-letter{width:1em;height:1em}.elementor-widget-text-editor .elementor-drop-cap{float:left;text-align:center;line-height:1;font-size:50px}.elementor-widget-text-editor .elementor-drop-cap-letter{display:inline-block}<\/style>\t\t\t\tShirdi Sai Global Trust Medical Clinic\n<h1 style=\"color: #000;\">Medical Camp in Penukonda vom 8. bis 12 Januar 2025<\/h1>\t\t\t\t\t\t<\/div>\n\t\t\t\t<\/div>\n\t\t\t\t<div class=\"elementor-element elementor-element-645c0dc elementor-widget elementor-widget-text-editor\" data-id=\"645c0dc\" data-element_type=\"widget\" data-widget_type=\"text-editor.default\">\n\t\t\t\t<div class=\"elementor-widget-container\">\n\t\t\t\t\t\t\t<p>This year\u2019s medical Camp in the Indian town of Penukonda began on the birthday of Sri Kaleshwar Swami, January 8th.\u00a0<\/p><p>Present at the camp were a dermatologist, Dr. Christian Merkel from Munich, Germany, three hearing aid technicians, Mr. Marcus Brungs and his son Christian Brungs from Engelskirchen, Germany, and Mr. Richard Ivian from Bangalore, India. The ENT (ear, nose and throat) patients were attended to by Dr. Susanne Wagener from Krefeld, Germany.<\/p><p>The local organization, the Shirdi Sai Global Trust, under the leadership of Mrs. Shilpa Anupati, took care of the logistics, including providing the venue, arranging support staff, translators, and the procurement of medications.<\/p><p>For the first time this year, patients from more distant communities were informed about the camp through flyers and public announcements. Patients came from as far as 100 kilometers away, with travel times of up to 3 hours, to bring their mostly severly hearing-impaired children to the camp.<\/p><p>A total of 695 ENT patients and 523 dermatological patients were treated. During the camp, 321hearing aids were fitted, and each patient received batteries for 6 months.<\/p><p>As in previous years, a one-day follow-up camp is planned in approximately 6 months, which will be overseen by hearing aid technician Mr. Richard Ivian from Bangalore. Minor repairs, some readjustments, and battery distribution will take place during this follow-up camp.<\/p><p>Once again, this year\u2019s camp was a great success. The MedicalAid India team from Germany, with the help oft he Shirdi Sai Global Trust team from Penukonda, was able to provide many patients, including numerous children, with a chance for communication, either by restoring or enabling their hearing with the fitted hearing aids. The dedication of both organizations was also recognized by the local press, with a major article in the regional news paper.<\/p><p>Preparations for the 2026 camp, which is expected to take place again in January, have already begun.\u00a0<\/p>\t\t\t\t\t\t<\/div>\n\t\t\t\t<\/div>\n\t\t\t\t<div class=\"elementor-element elementor-element-f250433 elementor-aspect-ratio-169 elementor-widget elementor-widget-video\" data-id=\"f250433\" data-element_type=\"widget\" data-settings=\"{&quot;video_type&quot;:&quot;hosted&quot;,&quot;controls&quot;:&quot;yes&quot;,&quot;aspect_ratio&quot;:&quot;169&quot;}\" data-widget_type=\"video.default\">\n\t\t\t\t<div class=\"elementor-widget-container\">\n\t\t\t<style>\/*! elementor - v3.6.5 - 27-04-2022 *\/\n.elementor-widget-video .elementor-widget-container{overflow:hidden;-webkit-transform:translateZ(0);transform:translateZ(0)}.elementor-widget-video .elementor-open-inline .elementor-custom-embed-image-overlay{position:absolute;top:0;left:0;width:100%;height:100%;background-size:cover;background-position:50%}.elementor-widget-video .elementor-custom-embed-image-overlay{cursor:pointer;text-align:center}.elementor-widget-video .elementor-custom-embed-image-overlay:hover .elementor-custom-embed-play i{opacity:1}.elementor-widget-video .elementor-custom-embed-image-overlay img{display:block;width:100%}.elementor-widget-video .e-hosted-video .elementor-video{-o-object-fit:cover;object-fit:cover}<\/style>\t\t<div class=\"e-hosted-video elementor-wrapper elementor-fit-aspect-ratio elementor-open-inline\">\n\t\t\t\t\t<video class=\"elementor-video\" src=\"https:\/\/medicalaid-india.com\/wp-content\/uploads\/2025\/01\/8c1e6751-ee86-4fec-bc13-d01d8226b332.mp4\" controls=\"\" controlslist=\"nodownload\"><\/video>\n\t\t\t\t<\/div>\n\t\t\t\t<\/div>\n\t\t\t\t<\/div>\n\t\t\t\t<section class=\"elementor-section elementor-inner-section elementor-element elementor-element-c860849 elementor-section-content-top elementor-section-boxed elementor-section-height-default elementor-section-height-default\" data-id=\"c860849\" data-element_type=\"section\">\n\t\t\t\t\t\t<div class=\"elementor-container elementor-column-gap-default\">\n\t\t\t\t\t<div class=\"elementor-column elementor-col-50 elementor-inner-column elementor-element elementor-element-73b4f2d\" data-id=\"73b4f2d\" data-element_type=\"column\">\n\t\t\t<div class=\"elementor-widget-wrap elementor-element-populated\">\n\t\t\t\t\t\t\t\t<div class=\"elementor-element elementor-element-92a4ab4 elementor-widget elementor-widget-image\" data-id=\"92a4ab4\" data-element_type=\"widget\" data-widget_type=\"image.default\">\n\t\t\t\t<div class=\"elementor-widget-container\">\n\t\t\t<style>\/*! elementor - v3.6.5 - 27-04-2022 *\/\n.elementor-widget-image{text-align:center}.elementor-widget-image a{display:inline-block}.elementor-widget-image a img[src$=\".svg\"]{width:48px}.elementor-widget-image img{vertical-align:middle;display:inline-block}<\/style>\t\t\t\t\t\t\t\t\t\t\t\t<img loading=\"lazy\" decoding=\"async\" width=\"720\" height=\"603\" src=\"https:\/\/medicalaid-india.com\/wp-content\/uploads\/2025\/01\/Zeitungsartikel-MC-2025-2.jpg\" class=\"attachment-full size-full\" alt=\"\" srcset=\"https:\/\/medicalaid-india.com\/wp-content\/uploads\/2025\/01\/Zeitungsartikel-MC-2025-2.jpg 720w, https:\/\/medicalaid-india.com\/wp-content\/uploads\/2025\/01\/Zeitungsartikel-MC-2025-2-300x251.jpg 300w, https:\/\/medicalaid-india.com\/wp-content\/uploads\/2025\/01\/Zeitungsartikel-MC-2025-2-14x12.jpg 14w\" sizes=\"auto, (max-width: 720px) 100vw, 720px\" \/>\t\t\t\t\t\t\t\t\t\t\t\t\t\t\t<\/div>\n\t\t\t\t<\/div>\n\t\t\t\t\t<\/div>\n\t\t<\/div>\n\t\t\t\t<div class=\"elementor-column elementor-col-50 elementor-inner-column elementor-element elementor-element-6b99e5a\" data-id=\"6b99e5a\" data-element_type=\"column\">\n\t\t\t<div class=\"elementor-widget-wrap elementor-element-populated\">\n\t\t\t\t\t\t\t\t<div class=\"elementor-element elementor-element-b99d879 elementor-widget elementor-widget-image\" data-id=\"b99d879\" data-element_type=\"widget\" data-widget_type=\"image.default\">\n\t\t\t\t<div class=\"elementor-widget-container\">\n\t\t\t\t\t\t\t\t\t\t\t\t\t\t\t<img loading=\"lazy\" decoding=\"async\" width=\"719\" height=\"949\" src=\"https:\/\/medicalaid-india.com\/wp-content\/uploads\/2025\/01\/Zeitungsartikel-MC-2025-3.jpg\" class=\"attachment-full size-full\" alt=\"\" srcset=\"https:\/\/medicalaid-india.com\/wp-content\/uploads\/2025\/01\/Zeitungsartikel-MC-2025-3.jpg 719w, https:\/\/medicalaid-india.com\/wp-content\/uploads\/2025\/01\/Zeitungsartikel-MC-2025-3-227x300.jpg 227w, https:\/\/medicalaid-india.com\/wp-content\/uploads\/2025\/01\/Zeitungsartikel-MC-2025-3-9x12.jpg 9w\" sizes=\"auto, (max-width: 719px) 100vw, 719px\" \/>\t\t\t\t\t\t\t\t\t\t\t\t\t\t\t<\/div>\n\t\t\t\t<\/div>\n\t\t\t\t\t<\/div>\n\t\t<\/div>\n\t\t\t\t\t\t\t<\/div>\n\t\t<\/section>\n\t\t\t\t<div class=\"elementor-element elementor-element-f290b15 elementor-widget elementor-widget-image\" data-id=\"f290b15\" data-element_type=\"widget\" data-widget_type=\"image.default\">\n\t\t\t\t<div class=\"elementor-widget-container\">\n\t\t\t\t\t\t\t\t\t\t\t\t\t\t\t<img loading=\"lazy\" decoding=\"async\" width=\"1200\" height=\"1600\" src=\"https:\/\/medicalaid-india.com\/wp-content\/uploads\/2025\/01\/Marcus-2025.jpg\" class=\"attachment-full size-full\" alt=\"\" srcset=\"https:\/\/medicalaid-india.com\/wp-content\/uploads\/2025\/01\/Marcus-2025.jpg 1200w, https:\/\/medicalaid-india.com\/wp-content\/uploads\/2025\/01\/Marcus-2025-225x300.jpg 225w, https:\/\/medicalaid-india.com\/wp-content\/uploads\/2025\/01\/Marcus-2025-768x1024.jpg 768w, https:\/\/medicalaid-india.com\/wp-content\/uploads\/2025\/01\/Marcus-2025-1152x1536.jpg 1152w, https:\/\/medicalaid-india.com\/wp-content\/uploads\/2025\/01\/Marcus-2025-9x12.jpg 9w\" sizes=\"auto, (max-width: 1200px) 100vw, 1200px\" \/>\t\t\t\t\t\t\t\t\t\t\t\t\t\t\t<\/div>\n\t\t\t\t<\/div>\n\t\t\t\t<div class=\"elementor-element elementor-element-62df145 elementor-widget elementor-widget-image\" data-id=\"62df145\" data-element_type=\"widget\" data-widget_type=\"image.default\">\n\t\t\t\t<div class=\"elementor-widget-container\">\n\t\t\t\t\t\t\t\t\t\t\t\t\t\t\t<img loading=\"lazy\" decoding=\"async\" width=\"1920\" height=\"2560\" src=\"https:\/\/medicalaid-india.com\/wp-content\/uploads\/2025\/01\/MC-2025-2-scaled.jpg\" class=\"attachment-full size-full\" alt=\"\" srcset=\"https:\/\/medicalaid-india.com\/wp-content\/uploads\/2025\/01\/MC-2025-2-scaled.jpg 1920w, https:\/\/medicalaid-india.com\/wp-content\/uploads\/2025\/01\/MC-2025-2-225x300.jpg 225w, https:\/\/medicalaid-india.com\/wp-content\/uploads\/2025\/01\/MC-2025-2-768x1024.jpg 768w, https:\/\/medicalaid-india.com\/wp-content\/uploads\/2025\/01\/MC-2025-2-1152x1536.jpg 1152w, https:\/\/medicalaid-india.com\/wp-content\/uploads\/2025\/01\/MC-2025-2-1536x2048.jpg 1536w, https:\/\/medicalaid-india.com\/wp-content\/uploads\/2025\/01\/MC-2025-2-9x12.jpg 9w\" sizes=\"auto, (max-width: 1920px) 100vw, 1920px\" \/>\t\t\t\t\t\t\t\t\t\t\t\t\t\t\t<\/div>\n\t\t\t\t<\/div>\n\t\t\t\t<div class=\"elementor-element elementor-element-8583962 elementor-widget elementor-widget-image\" data-id=\"8583962\" data-element_type=\"widget\" data-widget_type=\"image.default\">\n\t\t\t\t<div class=\"elementor-widget-container\">\n\t\t\t\t\t\t\t\t\t\t\t\t\t\t\t<img loading=\"lazy\" decoding=\"async\" width=\"2560\" height=\"1920\" src=\"https:\/\/medicalaid-india.com\/wp-content\/uploads\/2025\/01\/Medical-Camp-2025-3-scaled.jpg\" class=\"attachment-full size-full\" alt=\"\" srcset=\"https:\/\/medicalaid-india.com\/wp-content\/uploads\/2025\/01\/Medical-Camp-2025-3-scaled.jpg 2560w, https:\/\/medicalaid-india.com\/wp-content\/uploads\/2025\/01\/Medical-Camp-2025-3-300x225.jpg 300w, https:\/\/medicalaid-india.com\/wp-content\/uploads\/2025\/01\/Medical-Camp-2025-3-1024x768.jpg 1024w, https:\/\/medicalaid-india.com\/wp-content\/uploads\/2025\/01\/Medical-Camp-2025-3-768x576.jpg 768w, https:\/\/medicalaid-india.com\/wp-content\/uploads\/2025\/01\/Medical-Camp-2025-3-1536x1152.jpg 1536w, https:\/\/medicalaid-india.com\/wp-content\/uploads\/2025\/01\/Medical-Camp-2025-3-2048x1536.jpg 2048w, https:\/\/medicalaid-india.com\/wp-content\/uploads\/2025\/01\/Medical-Camp-2025-3-16x12.jpg 16w\" sizes=\"auto, (max-width: 2560px) 100vw, 2560px\" \/>\t\t\t\t\t\t\t\t\t\t\t\t\t\t\t<\/div>\n\t\t\t\t<\/div>\n\t\t\t\t<div class=\"elementor-element elementor-element-143b3ca elementor-widget elementor-widget-image\" data-id=\"143b3ca\" data-element_type=\"widget\" data-widget_type=\"image.default\">\n\t\t\t\t<div class=\"elementor-widget-container\">\n\t\t\t\t\t\t\t\t\t\t\t\t\t\t\t<img loading=\"lazy\" decoding=\"async\" width=\"1920\" height=\"2560\" src=\"https:\/\/medicalaid-india.com\/wp-content\/uploads\/2025\/01\/Wartezimmer-MC-2025-scaled.jpg\" class=\"attachment-full size-full\" alt=\"\" srcset=\"https:\/\/medicalaid-india.com\/wp-content\/uploads\/2025\/01\/Wartezimmer-MC-2025-scaled.jpg 1920w, https:\/\/medicalaid-india.com\/wp-content\/uploads\/2025\/01\/Wartezimmer-MC-2025-225x300.jpg 225w, https:\/\/medicalaid-india.com\/wp-content\/uploads\/2025\/01\/Wartezimmer-MC-2025-768x1024.jpg 768w, https:\/\/medicalaid-india.com\/wp-content\/uploads\/2025\/01\/Wartezimmer-MC-2025-1152x1536.jpg 1152w, https:\/\/medicalaid-india.com\/wp-content\/uploads\/2025\/01\/Wartezimmer-MC-2025-1536x2048.jpg 1536w, https:\/\/medicalaid-india.com\/wp-content\/uploads\/2025\/01\/Wartezimmer-MC-2025-9x12.jpg 9w\" sizes=\"auto, (max-width: 1920px) 100vw, 1920px\" \/>\t\t\t\t\t\t\t\t\t\t\t\t\t\t\t<\/div>\n\t\t\t\t<\/div>\n\t\t\t\t<section class=\"elementor-section elementor-inner-section elementor-element elementor-element-e976dc4 elementor-section-boxed elementor-section-height-default elementor-section-height-default\" data-id=\"e976dc4\" data-element_type=\"section\">\n\t\t\t\t\t\t<div class=\"elementor-container elementor-column-gap-default\">\n\t\t\t\t\t<div class=\"elementor-column elementor-col-50 elementor-inner-column elementor-element elementor-element-77ffdf1\" data-id=\"77ffdf1\" data-element_type=\"column\">\n\t\t\t<div class=\"elementor-widget-wrap elementor-element-populated\">\n\t\t\t\t\t\t\t\t<div class=\"elementor-element elementor-element-e240b14 elementor-widget elementor-widget-image\" data-id=\"e240b14\" data-element_type=\"widget\" data-widget_type=\"image.default\">\n\t\t\t\t<div class=\"elementor-widget-container\">\n\t\t\t\t\t\t\t\t\t\t\t\t\t\t\t<img loading=\"lazy\" decoding=\"async\" width=\"768\" height=\"1024\" src=\"https:\/\/medicalaid-india.com\/wp-content\/uploads\/2025\/01\/Richard-MC-2025-768x1024.jpg\" class=\"attachment-large size-large\" alt=\"\" srcset=\"https:\/\/medicalaid-india.com\/wp-content\/uploads\/2025\/01\/Richard-MC-2025-768x1024.jpg 768w, https:\/\/medicalaid-india.com\/wp-content\/uploads\/2025\/01\/Richard-MC-2025-225x300.jpg 225w, https:\/\/medicalaid-india.com\/wp-content\/uploads\/2025\/01\/Richard-MC-2025-1152x1536.jpg 1152w, https:\/\/medicalaid-india.com\/wp-content\/uploads\/2025\/01\/Richard-MC-2025-9x12.jpg 9w, https:\/\/medicalaid-india.com\/wp-content\/uploads\/2025\/01\/Richard-MC-2025.jpg 1536w\" sizes=\"auto, (max-width: 768px) 100vw, 768px\" \/>\t\t\t\t\t\t\t\t\t\t\t\t\t\t\t<\/div>\n\t\t\t\t<\/div>\n\t\t\t\t\t<\/div>\n\t\t<\/div>\n\t\t\t\t<div class=\"elementor-column elementor-col-50 elementor-inner-column elementor-element elementor-element-3078ef5\" data-id=\"3078ef5\" data-element_type=\"column\">\n\t\t\t<div class=\"elementor-widget-wrap elementor-element-populated\">\n\t\t\t\t\t\t\t\t<div class=\"elementor-element elementor-element-dc55484 elementor-widget elementor-widget-image\" data-id=\"dc55484\" data-element_type=\"widget\" data-widget_type=\"image.default\">\n\t\t\t\t<div class=\"elementor-widget-container\">\n\t\t\t\t\t\t\t\t\t\t\t\t\t\t\t<img loading=\"lazy\" decoding=\"async\" width=\"768\" height=\"1024\" src=\"https:\/\/medicalaid-india.com\/wp-content\/uploads\/2025\/01\/Marcus-MC-2025-768x1024.jpg\" class=\"attachment-large size-large\" alt=\"\" srcset=\"https:\/\/medicalaid-india.com\/wp-content\/uploads\/2025\/01\/Marcus-MC-2025-768x1024.jpg 768w, https:\/\/medicalaid-india.com\/wp-content\/uploads\/2025\/01\/Marcus-MC-2025-225x300.jpg 225w, https:\/\/medicalaid-india.com\/wp-content\/uploads\/2025\/01\/Marcus-MC-2025-1152x1536.jpg 1152w, https:\/\/medicalaid-india.com\/wp-content\/uploads\/2025\/01\/Marcus-MC-2025-9x12.jpg 9w, https:\/\/medicalaid-india.com\/wp-content\/uploads\/2025\/01\/Marcus-MC-2025.jpg 1536w\" sizes=\"auto, (max-width: 768px) 100vw, 768px\" \/>\t\t\t\t\t\t\t\t\t\t\t\t\t\t\t<\/div>\n\t\t\t\t<\/div>\n\t\t\t\t\t<\/div>\n\t\t<\/div>\n\t\t\t\t\t\t\t<\/div>\n\t\t<\/section>\n\t\t\t\t<div class=\"elementor-element elementor-element-835a42c elementor-align-center elementor-widget elementor-widget-button\" data-id=\"835a42c\" data-element_type=\"widget\" data-widget_type=\"button.default\">\n\t\t\t\t<div class=\"elementor-widget-container\">\n\t\t\t\t\t<div class=\"elementor-button-wrapper\">\n\t\t\t<a href=\"https:\/\/medicalaid-india.com\/en\/#medicalaid\" class=\"elementor-button-link elementor-button elementor-size-sm\" role=\"button\">\n\t\t\t\t\t\t<span class=\"elementor-button-content-wrapper\">\n\t\t\t\t\t\t<span class=\"elementor-button-text\">Projects<\/span>\n\t\t<\/span>\n\t\t\t\t\t<\/a>\n\t\t<\/div>\n\t\t\t\t<\/div>\n\t\t\t\t<\/div>\n\t\t\t\t\t<\/div>\n\t\t<\/div>\n\t\t\t\t\t\t\t<\/div>\n\t\t<\/section>\n\t\t\t\t\t\t\t<\/div>","protected":false},"excerpt":{"rendered":"<p>Shirdi Sai Global Trust Medical Clinic Medical Camp in Penukonda vom 8. bis 12 Januar 2025 Das diesj\u00e4hrige Medical Camp in der indischen Stadt Penukonda startete an dem Geburtstag von Sri Kaleshwar Swami am 8. Januar dieses Jahres.\u00a0 Bereit standen ein dermatologischer Kollege, Dr. Christian Merkel aus M\u00fcnchen, drei H\u00f6rger\u00e4teakustiker, Herr Marcus Brungs und sein [&hellip;]<\/p>","protected":false},"author":1,"featured_media":995,"parent":0,"menu_order":0,"comment_status":"closed","ping_status":"closed","template":"","meta":{"footnotes":""},"class_list":["post-999","page","type-page","status-publish","has-post-thumbnail","hentry"],"_links":{"self":[{"href":"https:\/\/medicalaid-india.com\/en\/wp-json\/wp\/v2\/pages\/999","targetHints":{"allow":["GET"]}}],"collection":[{"href":"https:\/\/medicalaid-india.com\/en\/wp-json\/wp\/v2\/pages"}],"about":[{"href":"https:\/\/medicalaid-india.com\/en\/wp-json\/wp\/v2\/types\/page"}],"author":[{"embeddable":true,"href":"https:\/\/medicalaid-india.com\/en\/wp-json\/wp\/v2\/users\/1"}],"replies":[{"embeddable":true,"href":"https:\/\/medicalaid-india.com\/en\/wp-json\/wp\/v2\/comments?post=999"}],"version-history":[{"count":10,"href":"https:\/\/medicalaid-india.com\/en\/wp-json\/wp\/v2\/pages\/999\/revisions"}],"predecessor-version":[{"id":1021,"href":"https:\/\/medicalaid-india.com\/en\/wp-json\/wp\/v2\/pages\/999\/revisions\/1021"}],"wp:featuredmedia":[{"embeddable":true,"href":"https:\/\/medicalaid-india.com\/en\/wp-json\/wp\/v2\/media\/995"}],"wp:attachment":[{"href":"https:\/\/medicalaid-india.com\/en\/wp-json\/wp\/v2\/media?parent=999"}],"curies":[{"name":"wp","href":"https:\/\/api.w.org\/{rel}","templated":true}]}}