{"id":418,"date":"2022-04-26T11:20:08","date_gmt":"2022-04-26T11:20:08","guid":{"rendered":"https:\/\/medicalaid-india.com\/?page_id=418"},"modified":"2024-06-24T06:29:16","modified_gmt":"2024-06-24T06:29:16","slug":"ueber-uns","status":"publish","type":"page","link":"https:\/\/medicalaid-india.com\/en\/ueber-uns\/","title":{"rendered":"\u00dcber uns"},"content":{"rendered":"<div data-elementor-type=\"wp-page\" data-elementor-id=\"418\" class=\"elementor elementor-418\">\n\t\t\t\t\t\t\t\t\t<section class=\"elementor-section elementor-top-section elementor-element elementor-element-1c54a68 elementor-section-height-min-height elementor-section-boxed elementor-section-height-default elementor-section-items-middle\" data-id=\"1c54a68\" data-element_type=\"section\" data-settings=\"{&quot;background_background&quot;:&quot;classic&quot;,&quot;background_motion_fx_motion_fx_scrolling&quot;:&quot;yes&quot;,&quot;background_motion_fx_translateY_effect&quot;:&quot;yes&quot;,&quot;background_motion_fx_translateY_direction&quot;:&quot;negative&quot;,&quot;background_motion_fx_translateY_speed&quot;:{&quot;unit&quot;:&quot;px&quot;,&quot;size&quot;:0.6999999999999999555910790149937383830547332763671875,&quot;sizes&quot;:[]},&quot;background_motion_fx_translateY_affectedRange&quot;:{&quot;unit&quot;:&quot;%&quot;,&quot;size&quot;:&quot;&quot;,&quot;sizes&quot;:{&quot;start&quot;:35,&quot;end&quot;:100}},&quot;background_motion_fx_devices&quot;:[&quot;desktop&quot;,&quot;tablet&quot;,&quot;mobile&quot;]}\">\n\t\t\t\t\t\t<div class=\"elementor-container elementor-column-gap-default\">\n\t\t\t\t\t<div class=\"elementor-column elementor-col-100 elementor-top-column elementor-element elementor-element-0148a03\" data-id=\"0148a03\" data-element_type=\"column\">\n\t\t\t<div class=\"elementor-widget-wrap\">\n\t\t\t\t\t\t\t\t\t<\/div>\n\t\t<\/div>\n\t\t\t\t\t\t\t<\/div>\n\t\t<\/section>\n\t\t\t\t<section class=\"elementor-section elementor-top-section elementor-element elementor-element-e9d5307 elementor-section-boxed elementor-section-height-default elementor-section-height-default\" data-id=\"e9d5307\" data-element_type=\"section\">\n\t\t\t\t\t\t<div class=\"elementor-container elementor-column-gap-default\">\n\t\t\t\t\t<div class=\"elementor-column elementor-col-100 elementor-top-column elementor-element elementor-element-72dedc9\" data-id=\"72dedc9\" data-element_type=\"column\">\n\t\t\t<div class=\"elementor-widget-wrap elementor-element-populated\">\n\t\t\t\t\t\t\t\t<div class=\"elementor-element elementor-element-c334c7c elementor-widget elementor-widget-text-editor\" data-id=\"c334c7c\" data-element_type=\"widget\" data-widget_type=\"text-editor.default\">\n\t\t\t\t<div class=\"elementor-widget-container\">\n\t\t\t<style>\/*! elementor - v3.6.5 - 27-04-2022 *\/\n.elementor-widget-text-editor.elementor-drop-cap-view-stacked .elementor-drop-cap{background-color:#818a91;color:#fff}.elementor-widget-text-editor.elementor-drop-cap-view-framed .elementor-drop-cap{color:#818a91;border:3px solid;background-color:transparent}.elementor-widget-text-editor:not(.elementor-drop-cap-view-default) .elementor-drop-cap{margin-top:8px}.elementor-widget-text-editor:not(.elementor-drop-cap-view-default) .elementor-drop-cap-letter{width:1em;height:1em}.elementor-widget-text-editor .elementor-drop-cap{float:left;text-align:center;line-height:1;font-size:50px}.elementor-widget-text-editor .elementor-drop-cap-letter{display:inline-block}<\/style>\t\t\t\t<p>The association MedicalAid India e.V., founded in April 2015, is registered in the Krefeld register of associations under the number VR 4603 and was recognized as a non-profit organization by the Krefeld tax office in 2015 (tax number 117\/5866\/0571).<\/p><p>The association was initiated by the Krefeld ENT doctor, Dr. Susanne Wagener.<\/p><p><strong style=\"color: #000;\">The goal of this voluntary association is to establish free medical care for the residents of the Indian town of Penukonda and the surrounding villages.<\/strong><\/p><p>The region relies on agriculture, and a portion of the population is extremely poor.<\/p><p>For most, even one proper meal a day is unaffordable. Electricity and running water are luxuries that many of the residents do not have access to.<\/p>\t\t\t\t\t\t<\/div>\n\t\t\t\t<\/div>\n\t\t\t\t<div class=\"elementor-element elementor-element-be613a5 elementor-widget elementor-widget-image\" data-id=\"be613a5\" data-element_type=\"widget\" data-widget_type=\"image.default\">\n\t\t\t\t<div class=\"elementor-widget-container\">\n\t\t\t<style>\/*! elementor - v3.6.5 - 27-04-2022 *\/\n.elementor-widget-image{text-align:center}.elementor-widget-image a{display:inline-block}.elementor-widget-image a img[src$=\".svg\"]{width:48px}.elementor-widget-image img{vertical-align:middle;display:inline-block}<\/style>\t\t\t\t\t\t\t\t\t\t\t\t<img loading=\"lazy\" decoding=\"async\" width=\"1006\" height=\"720\" src=\"https:\/\/medicalaid-india.com\/wp-content\/uploads\/2022\/04\/d6ef82_05dc988c3b814e5387b1912042eeff52_mv2.webp\" class=\"attachment-full size-full\" alt=\"\" srcset=\"https:\/\/medicalaid-india.com\/wp-content\/uploads\/2022\/04\/d6ef82_05dc988c3b814e5387b1912042eeff52_mv2.webp 1006w, https:\/\/medicalaid-india.com\/wp-content\/uploads\/2022\/04\/d6ef82_05dc988c3b814e5387b1912042eeff52_mv2-300x215.webp 300w, https:\/\/medicalaid-india.com\/wp-content\/uploads\/2022\/04\/d6ef82_05dc988c3b814e5387b1912042eeff52_mv2-768x550.webp 768w\" sizes=\"auto, (max-width: 1006px) 100vw, 1006px\" \/>\t\t\t\t\t\t\t\t\t\t\t\t\t\t\t<\/div>\n\t\t\t\t<\/div>\n\t\t\t\t<div class=\"elementor-element elementor-element-923c6de elementor-widget elementor-widget-image\" data-id=\"923c6de\" data-element_type=\"widget\" data-widget_type=\"image.default\">\n\t\t\t\t<div class=\"elementor-widget-container\">\n\t\t\t\t\t\t\t\t\t\t\t\t\t\t\t<img loading=\"lazy\" decoding=\"async\" width=\"1006\" height=\"720\" src=\"https:\/\/medicalaid-india.com\/wp-content\/uploads\/2022\/04\/d6ef82_4ccc623c47f44dec835bd22651e13d9a_mv2.webp\" class=\"attachment-full size-full\" alt=\"\" srcset=\"https:\/\/medicalaid-india.com\/wp-content\/uploads\/2022\/04\/d6ef82_4ccc623c47f44dec835bd22651e13d9a_mv2.webp 1006w, https:\/\/medicalaid-india.com\/wp-content\/uploads\/2022\/04\/d6ef82_4ccc623c47f44dec835bd22651e13d9a_mv2-300x215.webp 300w, https:\/\/medicalaid-india.com\/wp-content\/uploads\/2022\/04\/d6ef82_4ccc623c47f44dec835bd22651e13d9a_mv2-768x550.webp 768w\" sizes=\"auto, (max-width: 1006px) 100vw, 1006px\" \/>\t\t\t\t\t\t\t\t\t\t\t\t\t\t\t<\/div>\n\t\t\t\t<\/div>\n\t\t\t\t<div class=\"elementor-element elementor-element-719abda elementor-widget elementor-widget-text-editor\" data-id=\"719abda\" data-element_type=\"widget\" data-widget_type=\"text-editor.default\">\n\t\t\t\t<div class=\"elementor-widget-container\">\n\t\t\t\t\t\t\t<div id=\"bgLayers_comp-j3r5fmzs\" class=\"_3wnIc\" data-hook=\"bgLayers\"><div id=\"bgMedia_comp-j3r5fmzs\" class=\"_2GUhU\">In Penukonda, there is virtually no basic medical care. Accident victims and acute patients often have to endure hours-long journeys to the nearest hospital.\u00a0<\/div><\/div>\t\t\t\t\t\t<\/div>\n\t\t\t\t<\/div>\n\t\t\t\t<div class=\"elementor-element elementor-element-27e08e2 elementor-aspect-ratio-169 elementor-widget elementor-widget-video\" data-id=\"27e08e2\" data-element_type=\"widget\" data-settings=\"{&quot;youtube_url&quot;:&quot;https:\\\/\\\/www.youtube.com\\\/watch?v=0iX316D2vIY&quot;,&quot;video_type&quot;:&quot;youtube&quot;,&quot;controls&quot;:&quot;yes&quot;,&quot;aspect_ratio&quot;:&quot;169&quot;}\" data-widget_type=\"video.default\">\n\t\t\t\t<div class=\"elementor-widget-container\">\n\t\t\t<style>\/*! elementor - v3.6.5 - 27-04-2022 *\/\n.elementor-widget-video .elementor-widget-container{overflow:hidden;-webkit-transform:translateZ(0);transform:translateZ(0)}.elementor-widget-video .elementor-open-inline .elementor-custom-embed-image-overlay{position:absolute;top:0;left:0;width:100%;height:100%;background-size:cover;background-position:50%}.elementor-widget-video .elementor-custom-embed-image-overlay{cursor:pointer;text-align:center}.elementor-widget-video .elementor-custom-embed-image-overlay:hover .elementor-custom-embed-play i{opacity:1}.elementor-widget-video .elementor-custom-embed-image-overlay img{display:block;width:100%}.elementor-widget-video .e-hosted-video .elementor-video{-o-object-fit:cover;object-fit:cover}<\/style>\t\t<div class=\"elementor-wrapper elementor-fit-aspect-ratio elementor-open-inline\">\n\t\t\t<div class=\"elementor-video\"><\/div>\t\t<\/div>\n\t\t\t\t<\/div>\n\t\t\t\t<\/div>\n\t\t\t\t<div class=\"elementor-element elementor-element-a8b7d24 elementor-widget elementor-widget-text-editor\" data-id=\"a8b7d24\" data-element_type=\"widget\" data-widget_type=\"text-editor.default\">\n\t\t\t\t<div class=\"elementor-widget-container\">\n\t\t\t\t\t\t\t<div id=\"bgLayers_comp-j3r5fmzs\" class=\"_3wnIc\" data-hook=\"bgLayers\"><div id=\"bgMedia_comp-j3r5fmzs\" class=\"_2GUhU\"><p>In cooperation with the local \"Shirdi Sai Global Trust (SSGT),\" Dr. Susanne Wagener played a key role in realizing the vision of a day clinic.<\/p><p>With the help of donations from India and Germany, an existing building was remodeled and renovated. The outpatient facility was equipped by the association MedicalAid India e.V. with the help of dedicated colleagues from Krefeld and the surrounding areas, and the equipment was shipped to India via container.<\/p><p>Since its opening in January 2016, the outpatient clinic has been available to all impoverished residents of Penukonda, providing free treatments through medical camps.<\/p><\/div><\/div>\t\t\t\t\t\t<\/div>\n\t\t\t\t<\/div>\n\t\t\t\t<div class=\"elementor-element elementor-element-a0ea4c5 elementor-aspect-ratio-169 elementor-widget elementor-widget-video\" data-id=\"a0ea4c5\" data-element_type=\"widget\" data-settings=\"{&quot;youtube_url&quot;:&quot;https:\\\/\\\/www.youtube.com\\\/watch?v=U3Ka08v4VxI&quot;,&quot;video_type&quot;:&quot;youtube&quot;,&quot;controls&quot;:&quot;yes&quot;,&quot;aspect_ratio&quot;:&quot;169&quot;}\" data-widget_type=\"video.default\">\n\t\t\t\t<div class=\"elementor-widget-container\">\n\t\t\t\t\t<div class=\"elementor-wrapper elementor-fit-aspect-ratio elementor-open-inline\">\n\t\t\t<div class=\"elementor-video\"><\/div>\t\t<\/div>\n\t\t\t\t<\/div>\n\t\t\t\t<\/div>\n\t\t\t\t<div class=\"elementor-element elementor-element-4f41712 elementor-widget elementor-widget-text-editor\" data-id=\"4f41712\" data-element_type=\"widget\" data-widget_type=\"text-editor.default\">\n\t\t\t\t<div class=\"elementor-widget-container\">\n\t\t\t\t\t\t\t<p><strong style=\"color: #000;\">Currently, MedicalAid India e.V. is involved in a total of 4 projects:<\/strong>:<\/p><p><a href=\"https:\/\/medicalaid-india.com\/en\/ambulanz\/\">The Shirdi Sai Global Trust Medical Clinic<\/a><\/p><p><a href=\"https:\/\/medicalaid-india.com\/en\/augenklinik\/\">The Navya Shree Free Eye Hospital<\/a><\/p><p><a href=\"https:\/\/medicalaid-india.com\/en\/hearing-aid-project\/\">The Hearing Aid Project<\/a><\/p><p><a href=\"https:\/\/medicalaid-india.com\/en\/apotheke\/\">A pharmacy that provides free medications to those in need<\/a><\/p><p>\u200b<br \/>The grand vision for the future is the establishment of a hospital that is freely accessible to the population, offering everything from diagnostics to conservative and surgical treatments, with a special focus on obstetrics and pediatrics.<\/p><p>These humanitarian projects would not be possible without your help and support.<\/p><p>Every donation is warmly welcomed. Under the \"Donations\" link, you will find all relevant information, including the bank details for donations via bank transfer and the PayPal link for direct donations.<\/p><p>We also gladly accept in-kind donations, such as hearing aids (new and used). For this, please contact us directly at <a href=\"mailto:contact@medicalaid-india.org\">contact@medicalaid-india.org<\/a><\/p><p>We appreciate your support!<\/p>\t\t\t\t\t\t<\/div>\n\t\t\t\t<\/div>\n\t\t\t\t<section class=\"elementor-section elementor-inner-section elementor-element elementor-element-96d94c3 elementor-section-boxed elementor-section-height-default elementor-section-height-default\" data-id=\"96d94c3\" data-element_type=\"section\">\n\t\t\t\t\t\t<div class=\"elementor-container elementor-column-gap-default\">\n\t\t\t\t\t<div class=\"elementor-column elementor-col-33 elementor-inner-column elementor-element elementor-element-6fc7456\" data-id=\"6fc7456\" data-element_type=\"column\">\n\t\t\t<div class=\"elementor-widget-wrap elementor-element-populated\">\n\t\t\t\t\t\t\t\t<div class=\"elementor-element elementor-element-21a2f99 elementor-widget elementor-widget-image\" data-id=\"21a2f99\" data-element_type=\"widget\" data-widget_type=\"image.default\">\n\t\t\t\t<div class=\"elementor-widget-container\">\n\t\t\t\t\t\t\t\t\t\t\t\t\t\t\t\t<a href=\"https:\/\/medicalaid-india.com\/wp-content\/uploads\/2022\/04\/medical-aid-article-rp-2015.pdf\" target=\"_blank\">\n\t\t\t\t\t\t\t<img loading=\"lazy\" decoding=\"async\" width=\"398\" height=\"456\" src=\"https:\/\/medicalaid-india.com\/wp-content\/uploads\/2022\/04\/d6ef82_d2590155e1e941a2a97a69806b4d3ac1_mv2_d_2510_3006_s_4_2.webp\" class=\"attachment-large size-large\" alt=\"\" srcset=\"https:\/\/medicalaid-india.com\/wp-content\/uploads\/2022\/04\/d6ef82_d2590155e1e941a2a97a69806b4d3ac1_mv2_d_2510_3006_s_4_2.webp 398w, https:\/\/medicalaid-india.com\/wp-content\/uploads\/2022\/04\/d6ef82_d2590155e1e941a2a97a69806b4d3ac1_mv2_d_2510_3006_s_4_2-262x300.webp 262w\" sizes=\"auto, (max-width: 398px) 100vw, 398px\" \/>\t\t\t\t\t\t\t\t<\/a>\n\t\t\t\t\t\t\t\t\t\t\t\t\t\t\t<\/div>\n\t\t\t\t<\/div>\n\t\t\t\t\t<\/div>\n\t\t<\/div>\n\t\t\t\t<div class=\"elementor-column elementor-col-33 elementor-inner-column elementor-element elementor-element-dd064e4\" data-id=\"dd064e4\" data-element_type=\"column\">\n\t\t\t<div class=\"elementor-widget-wrap elementor-element-populated\">\n\t\t\t\t\t\t\t\t<div class=\"elementor-element elementor-element-bfd3b2d elementor-widget elementor-widget-image\" data-id=\"bfd3b2d\" data-element_type=\"widget\" data-widget_type=\"image.default\">\n\t\t\t\t<div class=\"elementor-widget-container\">\n\t\t\t\t\t\t\t\t\t\t\t\t\t\t\t\t<a href=\"https:\/\/medicalaid-india.com\/wp-content\/uploads\/2022\/04\/medical-aid-article-january-2016.pdf\" target=\"_blank\">\n\t\t\t\t\t\t\t<img loading=\"lazy\" decoding=\"async\" width=\"398\" height=\"456\" src=\"https:\/\/medicalaid-india.com\/wp-content\/uploads\/2022\/04\/d6ef82_7d41fc4b83624c6996c176a0a68902d9_mv2_d_3191_2139_s_2.webp\" class=\"attachment-large size-large\" alt=\"\" srcset=\"https:\/\/medicalaid-india.com\/wp-content\/uploads\/2022\/04\/d6ef82_7d41fc4b83624c6996c176a0a68902d9_mv2_d_3191_2139_s_2.webp 398w, https:\/\/medicalaid-india.com\/wp-content\/uploads\/2022\/04\/d6ef82_7d41fc4b83624c6996c176a0a68902d9_mv2_d_3191_2139_s_2-262x300.webp 262w\" sizes=\"auto, (max-width: 398px) 100vw, 398px\" \/>\t\t\t\t\t\t\t\t<\/a>\n\t\t\t\t\t\t\t\t\t\t\t\t\t\t\t<\/div>\n\t\t\t\t<\/div>\n\t\t\t\t\t<\/div>\n\t\t<\/div>\n\t\t\t\t<div class=\"elementor-column elementor-col-33 elementor-inner-column elementor-element elementor-element-1f23155\" data-id=\"1f23155\" data-element_type=\"column\">\n\t\t\t<div class=\"elementor-widget-wrap elementor-element-populated\">\n\t\t\t\t\t\t\t\t<div class=\"elementor-element elementor-element-16a4505 elementor-widget elementor-widget-image\" data-id=\"16a4505\" data-element_type=\"widget\" data-widget_type=\"image.default\">\n\t\t\t\t<div class=\"elementor-widget-container\">\n\t\t\t\t\t\t\t\t\t\t\t\t\t\t\t\t<a href=\"https:\/\/medicalaid-india.com\/wp-content\/uploads\/2022\/04\/medical-aid-article-stadtspiegel-2016.pdf\" target=\"_blank\">\n\t\t\t\t\t\t\t<img loading=\"lazy\" decoding=\"async\" width=\"398\" height=\"456\" src=\"https:\/\/medicalaid-india.com\/wp-content\/uploads\/2022\/04\/d6ef82_c7ff985712504228bc35f5018d013531_mv2_d_1700_2338_s_2.webp\" class=\"attachment-large size-large\" alt=\"\" srcset=\"https:\/\/medicalaid-india.com\/wp-content\/uploads\/2022\/04\/d6ef82_c7ff985712504228bc35f5018d013531_mv2_d_1700_2338_s_2.webp 398w, https:\/\/medicalaid-india.com\/wp-content\/uploads\/2022\/04\/d6ef82_c7ff985712504228bc35f5018d013531_mv2_d_1700_2338_s_2-262x300.webp 262w\" sizes=\"auto, (max-width: 398px) 100vw, 398px\" \/>\t\t\t\t\t\t\t\t<\/a>\n\t\t\t\t\t\t\t\t\t\t\t\t\t\t\t<\/div>\n\t\t\t\t<\/div>\n\t\t\t\t\t<\/div>\n\t\t<\/div>\n\t\t\t\t\t\t\t<\/div>\n\t\t<\/section>\n\t\t\t\t<section class=\"elementor-section elementor-inner-section elementor-element elementor-element-885ec66 elementor-section-boxed elementor-section-height-default elementor-section-height-default\" data-id=\"885ec66\" data-element_type=\"section\">\n\t\t\t\t\t\t<div class=\"elementor-container elementor-column-gap-default\">\n\t\t\t\t\t<div class=\"elementor-column elementor-col-33 elementor-inner-column elementor-element elementor-element-21cf7e4\" data-id=\"21cf7e4\" data-element_type=\"column\">\n\t\t\t<div class=\"elementor-widget-wrap elementor-element-populated\">\n\t\t\t\t\t\t\t\t<div class=\"elementor-element elementor-element-5bc373e elementor-widget elementor-widget-image\" data-id=\"5bc373e\" data-element_type=\"widget\" data-widget_type=\"image.default\">\n\t\t\t\t<div class=\"elementor-widget-container\">\n\t\t\t\t\t\t\t\t\t\t\t\t\t\t\t\t<a href=\"https:\/\/medicalaid-india.com\/wp-content\/uploads\/2022\/04\/medical-aid-article-2015.pdf\" target=\"_blank\">\n\t\t\t\t\t\t\t<img loading=\"lazy\" decoding=\"async\" width=\"398\" height=\"456\" src=\"https:\/\/medicalaid-india.com\/wp-content\/uploads\/2022\/04\/d6ef82_1dd6a91af0784c26b4a97b85726df46c_mv2_d_2118_1512_s_2.webp\" class=\"attachment-large size-large\" alt=\"\" srcset=\"https:\/\/medicalaid-india.com\/wp-content\/uploads\/2022\/04\/d6ef82_1dd6a91af0784c26b4a97b85726df46c_mv2_d_2118_1512_s_2.webp 398w, https:\/\/medicalaid-india.com\/wp-content\/uploads\/2022\/04\/d6ef82_1dd6a91af0784c26b4a97b85726df46c_mv2_d_2118_1512_s_2-262x300.webp 262w\" sizes=\"auto, (max-width: 398px) 100vw, 398px\" \/>\t\t\t\t\t\t\t\t<\/a>\n\t\t\t\t\t\t\t\t\t\t\t\t\t\t\t<\/div>\n\t\t\t\t<\/div>\n\t\t\t\t\t<\/div>\n\t\t<\/div>\n\t\t\t\t<div class=\"elementor-column elementor-col-33 elementor-inner-column elementor-element elementor-element-48f1586\" data-id=\"48f1586\" data-element_type=\"column\">\n\t\t\t<div class=\"elementor-widget-wrap elementor-element-populated\">\n\t\t\t\t\t\t\t\t<div class=\"elementor-element elementor-element-37ebbc4 elementor-widget elementor-widget-image\" data-id=\"37ebbc4\" data-element_type=\"widget\" data-widget_type=\"image.default\">\n\t\t\t\t<div class=\"elementor-widget-container\">\n\t\t\t\t\t\t\t\t\t\t\t\t\t\t\t\t<a href=\"https:\/\/medicalaid-india.com\/wp-content\/uploads\/2022\/04\/medical-aid-article-internet-2016.pdf\" target=\"_blank\">\n\t\t\t\t\t\t\t<img loading=\"lazy\" decoding=\"async\" width=\"398\" height=\"456\" src=\"https:\/\/medicalaid-india.com\/wp-content\/uploads\/2022\/04\/d6ef82_6152eef1c6a246ff9a1f83050e296e28_mv2_d_4032_3024_s_4_2-1.webp\" class=\"attachment-large size-large\" alt=\"\" srcset=\"https:\/\/medicalaid-india.com\/wp-content\/uploads\/2022\/04\/d6ef82_6152eef1c6a246ff9a1f83050e296e28_mv2_d_4032_3024_s_4_2-1.webp 398w, https:\/\/medicalaid-india.com\/wp-content\/uploads\/2022\/04\/d6ef82_6152eef1c6a246ff9a1f83050e296e28_mv2_d_4032_3024_s_4_2-1-262x300.webp 262w\" sizes=\"auto, (max-width: 398px) 100vw, 398px\" \/>\t\t\t\t\t\t\t\t<\/a>\n\t\t\t\t\t\t\t\t\t\t\t\t\t\t\t<\/div>\n\t\t\t\t<\/div>\n\t\t\t\t\t<\/div>\n\t\t<\/div>\n\t\t\t\t<div class=\"elementor-column elementor-col-33 elementor-inner-column elementor-element elementor-element-be37b18\" data-id=\"be37b18\" data-element_type=\"column\">\n\t\t\t<div class=\"elementor-widget-wrap elementor-element-populated\">\n\t\t\t\t\t\t\t\t<div class=\"elementor-element elementor-element-6a6b49c elementor-widget elementor-widget-image\" data-id=\"6a6b49c\" data-element_type=\"widget\" data-widget_type=\"image.default\">\n\t\t\t\t<div class=\"elementor-widget-container\">\n\t\t\t\t\t\t\t\t\t\t\t\t\t\t\t\t<a href=\"https:\/\/medicalaid-india.com\/wp-content\/uploads\/2022\/04\/medical-aid-article-january-2015.pdf\" target=\"_blank\">\n\t\t\t\t\t\t\t<img loading=\"lazy\" decoding=\"async\" width=\"398\" height=\"456\" src=\"https:\/\/medicalaid-india.com\/wp-content\/uploads\/2022\/04\/d6ef82_e50c64302ff546558b1841ee2e16f858_mv2_d_1861_1846_s_2.webp\" class=\"attachment-large size-large\" alt=\"\" srcset=\"https:\/\/medicalaid-india.com\/wp-content\/uploads\/2022\/04\/d6ef82_e50c64302ff546558b1841ee2e16f858_mv2_d_1861_1846_s_2.webp 398w, https:\/\/medicalaid-india.com\/wp-content\/uploads\/2022\/04\/d6ef82_e50c64302ff546558b1841ee2e16f858_mv2_d_1861_1846_s_2-262x300.webp 262w\" sizes=\"auto, (max-width: 398px) 100vw, 398px\" \/>\t\t\t\t\t\t\t\t<\/a>\n\t\t\t\t\t\t\t\t\t\t\t\t\t\t\t<\/div>\n\t\t\t\t<\/div>\n\t\t\t\t\t<\/div>\n\t\t<\/div>\n\t\t\t\t\t\t\t<\/div>\n\t\t<\/section>\n\t\t\t\t\t<\/div>\n\t\t<\/div>\n\t\t\t\t\t\t\t<\/div>\n\t\t<\/section>\n\t\t\t\t\t\t\t<\/div>","protected":false},"excerpt":{"rendered":"<p>Der im April 2015 gegr\u00fcndete Verein MedicalAid India e.V. wird im Vereinsregister Krefeld unter der Nummer VR 4603 gef\u00fchrt und wurde vom Finanzamt Krefeld, 2015 als gemeinn\u00fctzig anerkannt (Steuernummer 117\/5866\/0571). \u200bDer Verein wurde durch die Initiative der Krefelder HNO-\u00c4rztin Frau Dr. med. Susanne Wagener ins Leben gerufen. Ziel des ehrenamtlichen Vereins ist der Aufbau einer [&hellip;]<\/p>","protected":false},"author":2,"featured_media":0,"parent":0,"menu_order":0,"comment_status":"closed","ping_status":"closed","template":"","meta":{"footnotes":""},"class_list":["post-418","page","type-page","status-publish","hentry"],"_links":{"self":[{"href":"https:\/\/medicalaid-india.com\/en\/wp-json\/wp\/v2\/pages\/418","targetHints":{"allow":["GET"]}}],"collection":[{"href":"https:\/\/medicalaid-india.com\/en\/wp-json\/wp\/v2\/pages"}],"about":[{"href":"https:\/\/medicalaid-india.com\/en\/wp-json\/wp\/v2\/types\/page"}],"author":[{"embeddable":true,"href":"https:\/\/medicalaid-india.com\/en\/wp-json\/wp\/v2\/users\/2"}],"replies":[{"embeddable":true,"href":"https:\/\/medicalaid-india.com\/en\/wp-json\/wp\/v2\/comments?post=418"}],"version-history":[{"count":10,"href":"https:\/\/medicalaid-india.com\/en\/wp-json\/wp\/v2\/pages\/418\/revisions"}],"predecessor-version":[{"id":935,"href":"https:\/\/medicalaid-india.com\/en\/wp-json\/wp\/v2\/pages\/418\/revisions\/935"}],"wp:attachment":[{"href":"https:\/\/medicalaid-india.com\/en\/wp-json\/wp\/v2\/media?parent=418"}],"curies":[{"name":"wp","href":"https:\/\/api.w.org\/{rel}","templated":true}]}}