{"id":324,"date":"2022-04-26T09:08:52","date_gmt":"2022-04-26T09:08:52","guid":{"rendered":"https:\/\/medicalaid-india.com\/?page_id=324"},"modified":"2024-06-20T13:13:32","modified_gmt":"2024-06-20T13:13:32","slug":"augenklinik","status":"publish","type":"page","link":"https:\/\/medicalaid-india.com\/en\/augenklinik\/","title":{"rendered":"Eye Clinic"},"content":{"rendered":"<div data-elementor-type=\"wp-page\" data-elementor-id=\"324\" class=\"elementor elementor-324\">\n\t\t\t\t\t\t\t\t\t<section class=\"elementor-section elementor-top-section elementor-element elementor-element-a63a7d7 elementor-section-height-min-height elementor-section-boxed elementor-section-height-default elementor-section-items-middle\" data-id=\"a63a7d7\" data-element_type=\"section\" data-settings=\"{&quot;background_background&quot;:&quot;classic&quot;}\">\n\t\t\t\t\t\t<div class=\"elementor-container elementor-column-gap-default\">\n\t\t\t\t\t<div class=\"elementor-column elementor-col-100 elementor-top-column elementor-element elementor-element-23fae58\" data-id=\"23fae58\" data-element_type=\"column\">\n\t\t\t<div class=\"elementor-widget-wrap\">\n\t\t\t\t\t\t\t\t\t<\/div>\n\t\t<\/div>\n\t\t\t\t\t\t\t<\/div>\n\t\t<\/section>\n\t\t\t\t<section class=\"elementor-section elementor-top-section elementor-element elementor-element-7cc7ea2 elementor-section-boxed elementor-section-height-default elementor-section-height-default\" data-id=\"7cc7ea2\" data-element_type=\"section\">\n\t\t\t\t\t\t<div class=\"elementor-container elementor-column-gap-default\">\n\t\t\t\t\t<div class=\"elementor-column elementor-col-100 elementor-top-column elementor-element elementor-element-9192943\" data-id=\"9192943\" data-element_type=\"column\">\n\t\t\t<div class=\"elementor-widget-wrap elementor-element-populated\">\n\t\t\t\t\t\t\t\t<div class=\"elementor-element elementor-element-d2c3719 elementor-widget elementor-widget-text-editor\" data-id=\"d2c3719\" data-element_type=\"widget\" data-widget_type=\"text-editor.default\">\n\t\t\t\t<div class=\"elementor-widget-container\">\n\t\t\t<style>\/*! elementor - v3.6.5 - 27-04-2022 *\/\n.elementor-widget-text-editor.elementor-drop-cap-view-stacked .elementor-drop-cap{background-color:#818a91;color:#fff}.elementor-widget-text-editor.elementor-drop-cap-view-framed .elementor-drop-cap{color:#818a91;border:3px solid;background-color:transparent}.elementor-widget-text-editor:not(.elementor-drop-cap-view-default) .elementor-drop-cap{margin-top:8px}.elementor-widget-text-editor:not(.elementor-drop-cap-view-default) .elementor-drop-cap-letter{width:1em;height:1em}.elementor-widget-text-editor .elementor-drop-cap{float:left;text-align:center;line-height:1;font-size:50px}.elementor-widget-text-editor .elementor-drop-cap-letter{display:inline-block}<\/style>\t\t\t\tNavya Shree Free Eye Hospital\n<h1 style=\"color:#000;\">Eye Clinic<\/h1>\t\t\t\t\t\t<\/div>\n\t\t\t\t<\/div>\n\t\t\t\t<div class=\"elementor-element elementor-element-ed5eb59 elementor-widget elementor-widget-text-editor\" data-id=\"ed5eb59\" data-element_type=\"widget\" data-widget_type=\"text-editor.default\">\n\t\t\t\t<div class=\"elementor-widget-container\">\n\t\t\t\t\t\t\t<p>The Navya Shree Free Eye Hospital (NSFEH) was founded in 2007 by Sri Kaleshwar in Penukonda. This was a significant first step in providing free, local treatment to impoverished villagers suffering from cataracts and at risk of blindness. Since then, over 16,000 free eye surgeries and more than 72,000 eye examinations have been performed for needy individuals. Since its inception in April 2015, MedicalAid India e.V. has been dedicated to supporting the eye clinic and assisting with the funding required for cataract surgeries and all related preparations, including the extensive preliminary examinations.<\/p><p>In special \"eye camps,\" eligible patients are identified and pre-examined for surgery. For patients unable to come to Penukonda, a mobile team travels to the most remote villages to diagnose those suffering from cataracts and schedule their surgeries. On the day of the surgery, patients\u2014mostly elderly and often very frail individuals from the region in and around Penukonda\u2014are picked up from their homes by the NSFEH bus and taken to the eye clinic. There, a special preoperative examination is conducted before proceeding to the operating room. Patients stay overnight in a dormitory at the clinic the night before and after the procedure.<\/p><p>All transportation, preoperative examinations, overnight stays with meals, and the surgeries, including the lenses and postoperative glasses, are completely free for the indigent patients. In the end, a bright light shines in the hearts and eyes of these people. It is touching to witness how a significant improvement in quality of life is restored to the often nearly blind individuals, giving them a new perspective.<\/p>\t\t\t\t\t\t<\/div>\n\t\t\t\t<\/div>\n\t\t\t\t<div class=\"elementor-element elementor-element-81ae1d0 elementor-hidden-desktop elementor-hidden-tablet elementor-hidden-mobile elementor-widget elementor-widget-text-editor\" data-id=\"81ae1d0\" data-element_type=\"widget\" data-widget_type=\"text-editor.default\">\n\t\t\t\t<div class=\"elementor-widget-container\">\n\t\t\t\t\t\t\t<p>Das Navya Shree Free Eye Hospital (NSFEH) wurde 2007 von Sri Kaleshwar in Penukonda gegr\u00fcndet.<\/p><p>Dies war ein bedeutender erster Schritt, um Patienten der mittellosen indischen Dorfbev\u00f6lkerung, die am Grauen Star (=Katarakt) erkrankt waren und zu erblinden drohten, kostenlos und direkt vor Ort in Penukonda behandeln zu k\u00f6nnen.<\/p><p>Seit der Gr\u00fcndung 2007 konnten bereits \u00fcber 16.000 kostenfreie Augenoperationen und mehr als 72.000 Augenuntersuchungen f\u00fcr hilfsbed\u00fcrftige Menschen durchgef\u00fchrt werden.<\/p><p>Seit seiner Gr\u00fcndung im April 2015 engagiert sich auch der MedicalAid India e.V. f\u00fcr den Erhalt des NSFEH und unterst\u00fctzt die Augenklinik bei der Finanzierung zur Durchf\u00fchrung der \u201aGrauen Star\u2019 Augenoperationen sowie allen dazu geh\u00f6renden Vorbereitungen, u.a. auch der aufwendigen Voruntersuchungen. In speziellen Augen-Camps werden in Frage kommende Patienten sondiert und f\u00fcr die Operation vorab untersucht. F\u00fcr die Patienten, die keine M\u00f6glichkeit haben, nach Penukonda zu kommen, f\u00e4hrt ein mobiles Team in die entlegensten D\u00f6rfer, um die Patienten, die an \u201aGrauem Star\u2018 leiden, zu diagnostizieren und deren OP Termin festzulegen.<\/p><p>Die Patienten, \u00fcberwiegend alte, teilweise schon sehr zerbrechliche Arme aus der Region in und um Penukonda, werden zum OP Termin im eigenen NSFEH-Bus von Zuhause abgeholt und zur Augenklinik gefahren. Dort findet eine spezielle Voruntersuchung statt. Am Tag vor und nach der OP bleiben die Patienten in einem Schlafsaal der Klinik \u00fcber Nacht.<\/p><p>Alle Fahrten, Voruntersuchungen, \u00dcbernachtung mit Essen sowie die Operation inklusive der eingesetzten Linsen sind f\u00fcr die mittellosen Patienten vollkommen kostenfrei.<br \/><br \/>Am Ende scheint ein helles LICHT im Herzen dieser Menschen, sowie in ihren AUGEN.<br \/>Es ist ber\u00fchrend mitzuerleben, wie ein gro\u00dfes St\u00fcck Lebensqualit\u00e4t in den Alltag der oftmals fast erblindeten Menschen durch das AUGENLICHT zur\u00fcckkehrt und ihnen eine neue Perspektive schenkt.<\/p>\t\t\t\t\t\t<\/div>\n\t\t\t\t<\/div>\n\t\t\t\t<div class=\"elementor-element elementor-element-3d286b7 elementor-widget elementor-widget-image\" data-id=\"3d286b7\" data-element_type=\"widget\" data-widget_type=\"image.default\">\n\t\t\t\t<div class=\"elementor-widget-container\">\n\t\t\t<style>\/*! elementor - v3.6.5 - 27-04-2022 *\/\n.elementor-widget-image{text-align:center}.elementor-widget-image a{display:inline-block}.elementor-widget-image a img[src$=\".svg\"]{width:48px}.elementor-widget-image img{vertical-align:middle;display:inline-block}<\/style>\t\t\t\t\t\t\t\t\t\t\t\t<img loading=\"lazy\" decoding=\"async\" width=\"1217\" height=\"849\" src=\"https:\/\/medicalaid-india.com\/wp-content\/uploads\/2022\/04\/d6ef82_6b9ffcd970ff446c839d5e65ee38bca6_mv2_d_3024_4032_s_4_2-1.webp\" class=\"attachment-full size-full\" alt=\"\" srcset=\"https:\/\/medicalaid-india.com\/wp-content\/uploads\/2022\/04\/d6ef82_6b9ffcd970ff446c839d5e65ee38bca6_mv2_d_3024_4032_s_4_2-1.webp 1217w, https:\/\/medicalaid-india.com\/wp-content\/uploads\/2022\/04\/d6ef82_6b9ffcd970ff446c839d5e65ee38bca6_mv2_d_3024_4032_s_4_2-1-300x209.webp 300w, https:\/\/medicalaid-india.com\/wp-content\/uploads\/2022\/04\/d6ef82_6b9ffcd970ff446c839d5e65ee38bca6_mv2_d_3024_4032_s_4_2-1-1024x714.webp 1024w, https:\/\/medicalaid-india.com\/wp-content\/uploads\/2022\/04\/d6ef82_6b9ffcd970ff446c839d5e65ee38bca6_mv2_d_3024_4032_s_4_2-1-768x536.webp 768w\" sizes=\"auto, (max-width: 1217px) 100vw, 1217px\" \/>\t\t\t\t\t\t\t\t\t\t\t\t\t\t\t<\/div>\n\t\t\t\t<\/div>\n\t\t\t\t<div class=\"elementor-element elementor-element-e6ece8d elementor-widget elementor-widget-image\" data-id=\"e6ece8d\" data-element_type=\"widget\" data-widget_type=\"image.default\">\n\t\t\t\t<div class=\"elementor-widget-container\">\n\t\t\t\t\t\t\t\t\t\t\t\t\t\t\t<img loading=\"lazy\" decoding=\"async\" width=\"800\" height=\"538\" src=\"https:\/\/medicalaid-india.com\/wp-content\/uploads\/2022\/04\/d6ef82_3538f261bd64494ab6ffa61435c77a85_mv2.webp\" class=\"attachment-large size-large\" alt=\"\" srcset=\"https:\/\/medicalaid-india.com\/wp-content\/uploads\/2022\/04\/d6ef82_3538f261bd64494ab6ffa61435c77a85_mv2.webp 960w, https:\/\/medicalaid-india.com\/wp-content\/uploads\/2022\/04\/d6ef82_3538f261bd64494ab6ffa61435c77a85_mv2-300x202.webp 300w, https:\/\/medicalaid-india.com\/wp-content\/uploads\/2022\/04\/d6ef82_3538f261bd64494ab6ffa61435c77a85_mv2-768x517.webp 768w\" sizes=\"auto, (max-width: 800px) 100vw, 800px\" \/>\t\t\t\t\t\t\t\t\t\t\t\t\t\t\t<\/div>\n\t\t\t\t<\/div>\n\t\t\t\t<div class=\"elementor-element elementor-element-b457b37 elementor-widget elementor-widget-image\" data-id=\"b457b37\" data-element_type=\"widget\" data-widget_type=\"image.default\">\n\t\t\t\t<div class=\"elementor-widget-container\">\n\t\t\t\t\t\t\t\t\t\t\t\t\t\t\t<img loading=\"lazy\" decoding=\"async\" width=\"1230\" height=\"828\" src=\"https:\/\/medicalaid-india.com\/wp-content\/uploads\/2022\/04\/d6ef82_0794632d1f714a408364042e68533f0d_mv2.webp\" class=\"attachment-full size-full\" alt=\"\" srcset=\"https:\/\/medicalaid-india.com\/wp-content\/uploads\/2022\/04\/d6ef82_0794632d1f714a408364042e68533f0d_mv2.webp 1230w, https:\/\/medicalaid-india.com\/wp-content\/uploads\/2022\/04\/d6ef82_0794632d1f714a408364042e68533f0d_mv2-300x202.webp 300w, https:\/\/medicalaid-india.com\/wp-content\/uploads\/2022\/04\/d6ef82_0794632d1f714a408364042e68533f0d_mv2-1024x689.webp 1024w, https:\/\/medicalaid-india.com\/wp-content\/uploads\/2022\/04\/d6ef82_0794632d1f714a408364042e68533f0d_mv2-768x517.webp 768w\" sizes=\"auto, (max-width: 1230px) 100vw, 1230px\" \/>\t\t\t\t\t\t\t\t\t\t\t\t\t\t\t<\/div>\n\t\t\t\t<\/div>\n\t\t\t\t<div class=\"elementor-element elementor-element-9599815 elementor-widget elementor-widget-image\" data-id=\"9599815\" data-element_type=\"widget\" data-widget_type=\"image.default\">\n\t\t\t\t<div class=\"elementor-widget-container\">\n\t\t\t\t\t\t\t\t\t\t\t\t\t\t\t<img loading=\"lazy\" decoding=\"async\" width=\"1230\" height=\"828\" src=\"https:\/\/medicalaid-india.com\/wp-content\/uploads\/2022\/04\/d6ef82_7286803585044cb09196e5368a692649_mv2_d_4608_2592_s_4_2-2.webp\" class=\"attachment-full size-full\" alt=\"\" srcset=\"https:\/\/medicalaid-india.com\/wp-content\/uploads\/2022\/04\/d6ef82_7286803585044cb09196e5368a692649_mv2_d_4608_2592_s_4_2-2.webp 1230w, https:\/\/medicalaid-india.com\/wp-content\/uploads\/2022\/04\/d6ef82_7286803585044cb09196e5368a692649_mv2_d_4608_2592_s_4_2-2-300x202.webp 300w, https:\/\/medicalaid-india.com\/wp-content\/uploads\/2022\/04\/d6ef82_7286803585044cb09196e5368a692649_mv2_d_4608_2592_s_4_2-2-1024x689.webp 1024w, https:\/\/medicalaid-india.com\/wp-content\/uploads\/2022\/04\/d6ef82_7286803585044cb09196e5368a692649_mv2_d_4608_2592_s_4_2-2-768x517.webp 768w\" sizes=\"auto, (max-width: 1230px) 100vw, 1230px\" \/>\t\t\t\t\t\t\t\t\t\t\t\t\t\t\t<\/div>\n\t\t\t\t<\/div>\n\t\t\t\t<div class=\"elementor-element elementor-element-5199869 elementor-widget elementor-widget-image\" data-id=\"5199869\" data-element_type=\"widget\" data-widget_type=\"image.default\">\n\t\t\t\t<div class=\"elementor-widget-container\">\n\t\t\t\t\t\t\t\t\t\t\t\t\t\t\t<img loading=\"lazy\" decoding=\"async\" width=\"1230\" height=\"828\" src=\"https:\/\/medicalaid-india.com\/wp-content\/uploads\/2022\/04\/d6ef82_6152eef1c6a246ff9a1f83050e296e28_mv2_d_4032_3024_s_4_2.webp\" class=\"attachment-full size-full\" alt=\"\" srcset=\"https:\/\/medicalaid-india.com\/wp-content\/uploads\/2022\/04\/d6ef82_6152eef1c6a246ff9a1f83050e296e28_mv2_d_4032_3024_s_4_2.webp 1230w, https:\/\/medicalaid-india.com\/wp-content\/uploads\/2022\/04\/d6ef82_6152eef1c6a246ff9a1f83050e296e28_mv2_d_4032_3024_s_4_2-300x202.webp 300w, https:\/\/medicalaid-india.com\/wp-content\/uploads\/2022\/04\/d6ef82_6152eef1c6a246ff9a1f83050e296e28_mv2_d_4032_3024_s_4_2-1024x689.webp 1024w, https:\/\/medicalaid-india.com\/wp-content\/uploads\/2022\/04\/d6ef82_6152eef1c6a246ff9a1f83050e296e28_mv2_d_4032_3024_s_4_2-768x517.webp 768w\" sizes=\"auto, (max-width: 1230px) 100vw, 1230px\" \/>\t\t\t\t\t\t\t\t\t\t\t\t\t\t\t<\/div>\n\t\t\t\t<\/div>\n\t\t\t\t<div class=\"elementor-element elementor-element-d66c230 elementor-align-center elementor-widget elementor-widget-button\" data-id=\"d66c230\" data-element_type=\"widget\" data-widget_type=\"button.default\">\n\t\t\t\t<div class=\"elementor-widget-container\">\n\t\t\t\t\t<div class=\"elementor-button-wrapper\">\n\t\t\t<a href=\"https:\/\/medicalaid-india.com\/en\/#medicalaid\" class=\"elementor-button-link elementor-button elementor-size-sm\" role=\"button\">\n\t\t\t\t\t\t<span class=\"elementor-button-content-wrapper\">\n\t\t\t\t\t\t<span class=\"elementor-button-text\">Projects<\/span>\n\t\t<\/span>\n\t\t\t\t\t<\/a>\n\t\t<\/div>\n\t\t\t\t<\/div>\n\t\t\t\t<\/div>\n\t\t\t\t\t<\/div>\n\t\t<\/div>\n\t\t\t\t\t\t\t<\/div>\n\t\t<\/section>\n\t\t\t\t\t\t\t<\/div>","protected":false},"excerpt":{"rendered":"<p>Navya Shree Free Eye Hospital Augenklinik Das Navya Shree Free Eye Hospital (NSFEH) wurde 2007 von Sri Kaleshwar in Penukonda gegr\u00fcndet. Dies war ein bedeutender erster Schritt, um Patienten der mittellosen indischen Dorfbev\u00f6lkerung, die am Grauen Star (=Katarakt) erkrankt waren und zu erblinden drohten, kostenlos und direkt vor Ort in Penukonda behandeln zu k\u00f6nnen. Seitdem [&hellip;]<\/p>","protected":false},"author":2,"featured_media":0,"parent":0,"menu_order":0,"comment_status":"closed","ping_status":"closed","template":"","meta":{"footnotes":""},"class_list":["post-324","page","type-page","status-publish","hentry"],"_links":{"self":[{"href":"https:\/\/medicalaid-india.com\/en\/wp-json\/wp\/v2\/pages\/324","targetHints":{"allow":["GET"]}}],"collection":[{"href":"https:\/\/medicalaid-india.com\/en\/wp-json\/wp\/v2\/pages"}],"about":[{"href":"https:\/\/medicalaid-india.com\/en\/wp-json\/wp\/v2\/types\/page"}],"author":[{"embeddable":true,"href":"https:\/\/medicalaid-india.com\/en\/wp-json\/wp\/v2\/users\/2"}],"replies":[{"embeddable":true,"href":"https:\/\/medicalaid-india.com\/en\/wp-json\/wp\/v2\/comments?post=324"}],"version-history":[{"count":10,"href":"https:\/\/medicalaid-india.com\/en\/wp-json\/wp\/v2\/pages\/324\/revisions"}],"predecessor-version":[{"id":882,"href":"https:\/\/medicalaid-india.com\/en\/wp-json\/wp\/v2\/pages\/324\/revisions\/882"}],"wp:attachment":[{"href":"https:\/\/medicalaid-india.com\/en\/wp-json\/wp\/v2\/media?parent=324"}],"curies":[{"name":"wp","href":"https:\/\/api.w.org\/{rel}","templated":true}]}}