{"id":322,"date":"2022-04-26T09:08:33","date_gmt":"2022-04-26T09:08:33","guid":{"rendered":"https:\/\/medicalaid-india.com\/?page_id=322"},"modified":"2024-06-20T12:01:38","modified_gmt":"2024-06-20T12:01:38","slug":"ambulanz","status":"publish","type":"page","link":"https:\/\/medicalaid-india.com\/en\/ambulanz\/","title":{"rendered":"Ambulance"},"content":{"rendered":"<div data-elementor-type=\"wp-page\" data-elementor-id=\"322\" class=\"elementor elementor-322\">\n\t\t\t\t\t\t\t\t\t<section class=\"elementor-section elementor-top-section elementor-element elementor-element-44e8ae5 elementor-section-height-min-height elementor-section-boxed elementor-section-height-default elementor-section-items-middle\" data-id=\"44e8ae5\" data-element_type=\"section\" data-settings=\"{&quot;background_background&quot;:&quot;classic&quot;}\">\n\t\t\t\t\t\t<div class=\"elementor-container elementor-column-gap-default\">\n\t\t\t\t\t<div class=\"elementor-column elementor-col-100 elementor-top-column elementor-element elementor-element-f71ad66\" data-id=\"f71ad66\" data-element_type=\"column\">\n\t\t\t<div class=\"elementor-widget-wrap\">\n\t\t\t\t\t\t\t\t\t<\/div>\n\t\t<\/div>\n\t\t\t\t\t\t\t<\/div>\n\t\t<\/section>\n\t\t\t\t<section class=\"elementor-section elementor-top-section elementor-element elementor-element-6850b91 elementor-section-boxed elementor-section-height-default elementor-section-height-default\" data-id=\"6850b91\" data-element_type=\"section\">\n\t\t\t\t\t\t<div class=\"elementor-container elementor-column-gap-default\">\n\t\t\t\t\t<div class=\"elementor-column elementor-col-100 elementor-top-column elementor-element elementor-element-51507e5\" data-id=\"51507e5\" data-element_type=\"column\">\n\t\t\t<div class=\"elementor-widget-wrap elementor-element-populated\">\n\t\t\t\t\t\t\t\t<div class=\"elementor-element elementor-element-e5de85b elementor-widget elementor-widget-text-editor\" data-id=\"e5de85b\" data-element_type=\"widget\" data-widget_type=\"text-editor.default\">\n\t\t\t\t<div class=\"elementor-widget-container\">\n\t\t\t<style>\/*! elementor - v3.6.5 - 27-04-2022 *\/\n.elementor-widget-text-editor.elementor-drop-cap-view-stacked .elementor-drop-cap{background-color:#818a91;color:#fff}.elementor-widget-text-editor.elementor-drop-cap-view-framed .elementor-drop-cap{color:#818a91;border:3px solid;background-color:transparent}.elementor-widget-text-editor:not(.elementor-drop-cap-view-default) .elementor-drop-cap{margin-top:8px}.elementor-widget-text-editor:not(.elementor-drop-cap-view-default) .elementor-drop-cap-letter{width:1em;height:1em}.elementor-widget-text-editor .elementor-drop-cap{float:left;text-align:center;line-height:1;font-size:50px}.elementor-widget-text-editor .elementor-drop-cap-letter{display:inline-block}<\/style>\t\t\t\tShirdi Sai Global Trust Medical Clinic\n<h1 style=\"color: #000;\">Ambulance<\/h1>\t\t\t\t\t\t<\/div>\n\t\t\t\t<\/div>\n\t\t\t\t<div class=\"elementor-element elementor-element-ba87ba1 elementor-widget elementor-widget-text-editor\" data-id=\"ba87ba1\" data-element_type=\"widget\" data-widget_type=\"text-editor.default\">\n\t\t\t\t<div class=\"elementor-widget-container\">\n\t\t\t\t\t\t\t<p>The SSGT Medical Clinic was inaugurated on January 8, 2016, with the help of donations. It primarily serves to provide medical care to needy individuals and currently ensures free examinations and the provision of necessary medications through annual medical camps. The association is deeply committed to supporting this project in the long term, particularly by assisting with the gradual development and expansion of the clinic, including enhancing medical capabilities and acquiring necessary equipment. To achieve this in the future, we rely on your donations.<\/p>\t\t\t\t\t\t<\/div>\n\t\t\t\t<\/div>\n\t\t\t\t<div class=\"elementor-element elementor-element-e9ffeb6 elementor-widget elementor-widget-image\" data-id=\"e9ffeb6\" data-element_type=\"widget\" data-widget_type=\"image.default\">\n\t\t\t\t<div class=\"elementor-widget-container\">\n\t\t\t<style>\/*! elementor - v3.6.5 - 27-04-2022 *\/\n.elementor-widget-image{text-align:center}.elementor-widget-image a{display:inline-block}.elementor-widget-image a img[src$=\".svg\"]{width:48px}.elementor-widget-image img{vertical-align:middle;display:inline-block}<\/style>\t\t\t\t\t\t\t\t\t\t\t\t<img loading=\"lazy\" decoding=\"async\" width=\"1230\" height=\"755\" src=\"https:\/\/medicalaid-india.com\/wp-content\/uploads\/2022\/04\/d6ef82_9fc3fad7f132410a8d5f15cd37ed809c_mv2_d_3374_2109_s_2.webp\" class=\"attachment-full size-full\" alt=\"\" srcset=\"https:\/\/medicalaid-india.com\/wp-content\/uploads\/2022\/04\/d6ef82_9fc3fad7f132410a8d5f15cd37ed809c_mv2_d_3374_2109_s_2.webp 1230w, https:\/\/medicalaid-india.com\/wp-content\/uploads\/2022\/04\/d6ef82_9fc3fad7f132410a8d5f15cd37ed809c_mv2_d_3374_2109_s_2-300x184.webp 300w, https:\/\/medicalaid-india.com\/wp-content\/uploads\/2022\/04\/d6ef82_9fc3fad7f132410a8d5f15cd37ed809c_mv2_d_3374_2109_s_2-1024x629.webp 1024w, https:\/\/medicalaid-india.com\/wp-content\/uploads\/2022\/04\/d6ef82_9fc3fad7f132410a8d5f15cd37ed809c_mv2_d_3374_2109_s_2-768x471.webp 768w\" sizes=\"auto, (max-width: 1230px) 100vw, 1230px\" \/>\t\t\t\t\t\t\t\t\t\t\t\t\t\t\t<\/div>\n\t\t\t\t<\/div>\n\t\t\t\t<div class=\"elementor-element elementor-element-d76cb24 elementor-widget elementor-widget-image\" data-id=\"d76cb24\" data-element_type=\"widget\" data-widget_type=\"image.default\">\n\t\t\t\t<div class=\"elementor-widget-container\">\n\t\t\t\t\t\t\t\t\t\t\t\t\t\t\t<img loading=\"lazy\" decoding=\"async\" width=\"1230\" height=\"755\" src=\"https:\/\/medicalaid-india.com\/wp-content\/uploads\/2022\/04\/d6ef82_1873b412c4f5401ea8574f2a2ddffdb9_mv2_d_4032_3024_s_4_2.webp\" class=\"attachment-full size-full\" alt=\"\" srcset=\"https:\/\/medicalaid-india.com\/wp-content\/uploads\/2022\/04\/d6ef82_1873b412c4f5401ea8574f2a2ddffdb9_mv2_d_4032_3024_s_4_2.webp 1230w, https:\/\/medicalaid-india.com\/wp-content\/uploads\/2022\/04\/d6ef82_1873b412c4f5401ea8574f2a2ddffdb9_mv2_d_4032_3024_s_4_2-300x184.webp 300w, https:\/\/medicalaid-india.com\/wp-content\/uploads\/2022\/04\/d6ef82_1873b412c4f5401ea8574f2a2ddffdb9_mv2_d_4032_3024_s_4_2-1024x629.webp 1024w, https:\/\/medicalaid-india.com\/wp-content\/uploads\/2022\/04\/d6ef82_1873b412c4f5401ea8574f2a2ddffdb9_mv2_d_4032_3024_s_4_2-768x471.webp 768w\" sizes=\"auto, (max-width: 1230px) 100vw, 1230px\" \/>\t\t\t\t\t\t\t\t\t\t\t\t\t\t\t<\/div>\n\t\t\t\t<\/div>\n\t\t\t\t<div class=\"elementor-element elementor-element-0d94958 elementor-widget elementor-widget-image\" data-id=\"0d94958\" data-element_type=\"widget\" data-widget_type=\"image.default\">\n\t\t\t\t<div class=\"elementor-widget-container\">\n\t\t\t\t\t\t\t\t\t\t\t\t\t\t\t<img loading=\"lazy\" decoding=\"async\" width=\"1230\" height=\"755\" src=\"https:\/\/medicalaid-india.com\/wp-content\/uploads\/2022\/04\/d6ef82_a60cff05aeb0482cb525dd3c672e9213_mv2_d_4032_3024_s_4_2.webp\" class=\"attachment-full size-full\" alt=\"\" srcset=\"https:\/\/medicalaid-india.com\/wp-content\/uploads\/2022\/04\/d6ef82_a60cff05aeb0482cb525dd3c672e9213_mv2_d_4032_3024_s_4_2.webp 1230w, https:\/\/medicalaid-india.com\/wp-content\/uploads\/2022\/04\/d6ef82_a60cff05aeb0482cb525dd3c672e9213_mv2_d_4032_3024_s_4_2-300x184.webp 300w, https:\/\/medicalaid-india.com\/wp-content\/uploads\/2022\/04\/d6ef82_a60cff05aeb0482cb525dd3c672e9213_mv2_d_4032_3024_s_4_2-1024x629.webp 1024w, https:\/\/medicalaid-india.com\/wp-content\/uploads\/2022\/04\/d6ef82_a60cff05aeb0482cb525dd3c672e9213_mv2_d_4032_3024_s_4_2-768x471.webp 768w\" sizes=\"auto, (max-width: 1230px) 100vw, 1230px\" \/>\t\t\t\t\t\t\t\t\t\t\t\t\t\t\t<\/div>\n\t\t\t\t<\/div>\n\t\t\t\t<div class=\"elementor-element elementor-element-e6d4147 elementor-widget elementor-widget-image\" data-id=\"e6d4147\" data-element_type=\"widget\" data-widget_type=\"image.default\">\n\t\t\t\t<div class=\"elementor-widget-container\">\n\t\t\t\t\t\t\t\t\t\t\t\t\t\t\t<img loading=\"lazy\" decoding=\"async\" width=\"1230\" height=\"755\" src=\"https:\/\/medicalaid-india.com\/wp-content\/uploads\/2022\/04\/d6ef82_a6a455a68ed649d48440c380a68afe2b_mv2_d_2016_1512_s_2.webp\" class=\"attachment-full size-full\" alt=\"\" srcset=\"https:\/\/medicalaid-india.com\/wp-content\/uploads\/2022\/04\/d6ef82_a6a455a68ed649d48440c380a68afe2b_mv2_d_2016_1512_s_2.webp 1230w, https:\/\/medicalaid-india.com\/wp-content\/uploads\/2022\/04\/d6ef82_a6a455a68ed649d48440c380a68afe2b_mv2_d_2016_1512_s_2-300x184.webp 300w, https:\/\/medicalaid-india.com\/wp-content\/uploads\/2022\/04\/d6ef82_a6a455a68ed649d48440c380a68afe2b_mv2_d_2016_1512_s_2-1024x629.webp 1024w, https:\/\/medicalaid-india.com\/wp-content\/uploads\/2022\/04\/d6ef82_a6a455a68ed649d48440c380a68afe2b_mv2_d_2016_1512_s_2-768x471.webp 768w\" sizes=\"auto, (max-width: 1230px) 100vw, 1230px\" \/>\t\t\t\t\t\t\t\t\t\t\t\t\t\t\t<\/div>\n\t\t\t\t<\/div>\n\t\t\t\t<div class=\"elementor-element elementor-element-4e40363 elementor-widget elementor-widget-image\" data-id=\"4e40363\" data-element_type=\"widget\" data-widget_type=\"image.default\">\n\t\t\t\t<div class=\"elementor-widget-container\">\n\t\t\t\t\t\t\t\t\t\t\t\t\t\t\t<img loading=\"lazy\" decoding=\"async\" width=\"1230\" height=\"755\" src=\"https:\/\/medicalaid-india.com\/wp-content\/uploads\/2022\/04\/d6ef82_b699aa537dbd4e3a92ffb833bc5ce541_mv2_d_4032_3024_s_4_2.webp\" class=\"attachment-full size-full\" alt=\"\" srcset=\"https:\/\/medicalaid-india.com\/wp-content\/uploads\/2022\/04\/d6ef82_b699aa537dbd4e3a92ffb833bc5ce541_mv2_d_4032_3024_s_4_2.webp 1230w, https:\/\/medicalaid-india.com\/wp-content\/uploads\/2022\/04\/d6ef82_b699aa537dbd4e3a92ffb833bc5ce541_mv2_d_4032_3024_s_4_2-300x184.webp 300w, https:\/\/medicalaid-india.com\/wp-content\/uploads\/2022\/04\/d6ef82_b699aa537dbd4e3a92ffb833bc5ce541_mv2_d_4032_3024_s_4_2-1024x629.webp 1024w, https:\/\/medicalaid-india.com\/wp-content\/uploads\/2022\/04\/d6ef82_b699aa537dbd4e3a92ffb833bc5ce541_mv2_d_4032_3024_s_4_2-768x471.webp 768w\" sizes=\"auto, (max-width: 1230px) 100vw, 1230px\" \/>\t\t\t\t\t\t\t\t\t\t\t\t\t\t\t<\/div>\n\t\t\t\t<\/div>\n\t\t\t\t<div class=\"elementor-element elementor-element-8cfe562 elementor-align-center elementor-widget elementor-widget-button\" data-id=\"8cfe562\" data-element_type=\"widget\" data-widget_type=\"button.default\">\n\t\t\t\t<div class=\"elementor-widget-container\">\n\t\t\t\t\t<div class=\"elementor-button-wrapper\">\n\t\t\t<a href=\"https:\/\/medicalaid-india.com\/en\/#medicalaid\" class=\"elementor-button-link elementor-button elementor-size-sm\" role=\"button\">\n\t\t\t\t\t\t<span class=\"elementor-button-content-wrapper\">\n\t\t\t\t\t\t<span class=\"elementor-button-text\">Projects<\/span>\n\t\t<\/span>\n\t\t\t\t\t<\/a>\n\t\t<\/div>\n\t\t\t\t<\/div>\n\t\t\t\t<\/div>\n\t\t\t\t\t<\/div>\n\t\t<\/div>\n\t\t\t\t\t\t\t<\/div>\n\t\t<\/section>\n\t\t\t\t\t\t\t<\/div>","protected":false},"excerpt":{"rendered":"<p>Shirdi Sai Global Trust Medical Clinic Ambulanz Die SSGT Medical Clinic konnte mit Hilfe von Spenden am 8.1.2016 er\u00f6ffnet werden. Sie dient in erster Linie der medizinischen Versorgung hilfsbed\u00fcrftiger Menschen und gew\u00e4hrleistet , zur Zeit noch im Rahmen von j\u00e4hrlich stattfindenden Medical Camps, eine kostenfreie Untersuchung inklusive der kostenfreien Bereitstellung notwendiger Medikamente. Es ist ein [&hellip;]<\/p>","protected":false},"author":2,"featured_media":0,"parent":0,"menu_order":0,"comment_status":"closed","ping_status":"closed","template":"","meta":{"footnotes":""},"class_list":["post-322","page","type-page","status-publish","hentry"],"_links":{"self":[{"href":"https:\/\/medicalaid-india.com\/en\/wp-json\/wp\/v2\/pages\/322","targetHints":{"allow":["GET"]}}],"collection":[{"href":"https:\/\/medicalaid-india.com\/en\/wp-json\/wp\/v2\/pages"}],"about":[{"href":"https:\/\/medicalaid-india.com\/en\/wp-json\/wp\/v2\/types\/page"}],"author":[{"embeddable":true,"href":"https:\/\/medicalaid-india.com\/en\/wp-json\/wp\/v2\/users\/2"}],"replies":[{"embeddable":true,"href":"https:\/\/medicalaid-india.com\/en\/wp-json\/wp\/v2\/comments?post=322"}],"version-history":[{"count":10,"href":"https:\/\/medicalaid-india.com\/en\/wp-json\/wp\/v2\/pages\/322\/revisions"}],"predecessor-version":[{"id":870,"href":"https:\/\/medicalaid-india.com\/en\/wp-json\/wp\/v2\/pages\/322\/revisions\/870"}],"wp:attachment":[{"href":"https:\/\/medicalaid-india.com\/en\/wp-json\/wp\/v2\/media?parent=322"}],"curies":[{"name":"wp","href":"https:\/\/api.w.org\/{rel}","templated":true}]}}