{"id":287,"date":"2022-04-26T08:52:34","date_gmt":"2022-04-26T08:52:34","guid":{"rendered":"https:\/\/medicalaid-india.com\/?page_id=287"},"modified":"2024-07-29T08:29:14","modified_gmt":"2024-07-29T08:29:14","slug":"impressum","status":"publish","type":"page","link":"https:\/\/medicalaid-india.com\/en\/impressum\/","title":{"rendered":"Imprint Information"},"content":{"rendered":"<div data-elementor-type=\"wp-page\" data-elementor-id=\"287\" class=\"elementor elementor-287\">\n\t\t\t\t\t\t\t\t\t<section class=\"elementor-section elementor-top-section elementor-element elementor-element-7f0d110 elementor-section-boxed elementor-section-height-default elementor-section-height-default\" data-id=\"7f0d110\" data-element_type=\"section\" data-settings=\"{&quot;background_background&quot;:&quot;classic&quot;}\">\n\t\t\t\t\t\t<div class=\"elementor-container elementor-column-gap-default\">\n\t\t\t\t\t<div class=\"elementor-column elementor-col-100 elementor-top-column elementor-element elementor-element-bed3770\" data-id=\"bed3770\" data-element_type=\"column\">\n\t\t\t<div class=\"elementor-widget-wrap elementor-element-populated\">\n\t\t\t\t\t\t\t\t<div class=\"elementor-element elementor-element-f0bb5ce elementor-widget elementor-widget-text-editor\" data-id=\"f0bb5ce\" data-element_type=\"widget\" data-widget_type=\"text-editor.default\">\n\t\t\t\t<div class=\"elementor-widget-container\">\n\t\t\t<style>\/*! elementor - v3.6.5 - 27-04-2022 *\/\n.elementor-widget-text-editor.elementor-drop-cap-view-stacked .elementor-drop-cap{background-color:#818a91;color:#fff}.elementor-widget-text-editor.elementor-drop-cap-view-framed .elementor-drop-cap{color:#818a91;border:3px solid;background-color:transparent}.elementor-widget-text-editor:not(.elementor-drop-cap-view-default) .elementor-drop-cap{margin-top:8px}.elementor-widget-text-editor:not(.elementor-drop-cap-view-default) .elementor-drop-cap-letter{width:1em;height:1em}.elementor-widget-text-editor .elementor-drop-cap{float:left;text-align:center;line-height:1;font-size:50px}.elementor-widget-text-editor .elementor-drop-cap-letter{display:inline-block}<\/style>\t\t\t\t<h1>Imprint Information<\/h1>\t\t\t\t\t\t<\/div>\n\t\t\t\t<\/div>\n\t\t\t\t<div class=\"elementor-element elementor-element-276b714 elementor-widget elementor-widget-text-editor\" data-id=\"276b714\" data-element_type=\"widget\" data-widget_type=\"text-editor.default\">\n\t\t\t\t<div class=\"elementor-widget-container\">\n\t\t\t\t\t\t\t<p><strong>according to \u00a7 5 TMG:<\/strong><\/p><p>MedicalAid India e.V.<br \/>Kornaue 99<br \/>47802 Krefeld<\/p><p>Represented by the board:<\/p><p>1st Chairwoman:<br \/>Dr. med. Susanne Wagener<\/p><p>2nd Chairman:<br \/>Gerald Wagener<\/p><p>Phone: +49-2151\/502791<br \/>Email: <a href=\"mailto:contact@medicalaid-india.org\" target=\"_blank\" rel=\"noopener\">contact@medicalaid-india.org<\/a><\/p><p>Association register entry:<br \/>VR No.: 4603, District Court Krefeld<\/p><p>VAT ID No.:<\/p><p>Responsible for the content according to \u00a7 18 Abs. 2 MStV:<br \/>Dr. med. Susanne Wagener<br \/>Kornaue 99<br \/>47802 Krefeld<\/p><p>Online dispute resolution according to Art. 14 Abs. 1 ODR-VO:<br \/>The European Commission provides a platform for online dispute resolution (OS), which you can find at <a href=\"https:\/\/ec.europa.eu\/consumers\/odr\/\" target=\"_blank\" rel=\"noopener\">https:\/\/ec.europa.eu\/consumers\/odr\/<\/a> We are not willing and not obliged to participate in a dispute resolution procedure before a consumer arbitration board.<\/p><p><strong>Design and programming of the website:<\/strong>:<br \/>Nimm3 Werbeagentur GmbH<br \/>Mevissenstra\u00dfe 62A<br \/>47803 Krefeld<\/p><p>Phone: <a href=\"tel: 4902151363930\">+49 2151 \u2013 363 93 \u2013 0<\/a><br \/>Fax: +49 2151 \u2013 363 93 \u2013 10<br \/>Email: <a href=\"mailto:info@nimm3.de\">info@nimm3.de<\/a><br \/>Website: <a href=\"http:\/\/www.nimm3.de\" target=\"_blank\" rel=\"noopener\">Webdesign Krefeld<\/a><\/p>\t\t\t\t\t\t<\/div>\n\t\t\t\t<\/div>\n\t\t\t\t\t<\/div>\n\t\t<\/div>\n\t\t\t\t\t\t\t<\/div>\n\t\t<\/section>\n\t\t\t\t\t\t\t<\/div>","protected":false},"excerpt":{"rendered":"<p>Impressum Angaben gem\u00e4\u00df \u00a7 5 TMG: MedicalAid India e.V.Kornaue 9947802 Krefeld vertreten durch den Vorstand: 1. VorsitzendeDr. med. Susanne Wagener 2. VorsitzenderGerald Wagener Telefon: +49-2151\/502791E-Mail: contact@medicalaid-india.org Vereinsregistereintrag:VR-Nr.: 4603, Amtsgericht Krefeld USt-IDNr .: Verantwortlich f\u00fcr den Inhalt nach\u00a7 18 Abs. 2 MStV:Dr. med. Susanne WagenerKornaue 9947802 Krefeld Online-Streitbeilegung gem\u00e4\u00df Art. 14 Abs. 1 ODR-VODie Europ\u00e4ische Kommission [&hellip;]<\/p>","protected":false},"author":2,"featured_media":0,"parent":0,"menu_order":0,"comment_status":"closed","ping_status":"closed","template":"","meta":{"footnotes":""},"class_list":["post-287","page","type-page","status-publish","hentry"],"_links":{"self":[{"href":"https:\/\/medicalaid-india.com\/en\/wp-json\/wp\/v2\/pages\/287","targetHints":{"allow":["GET"]}}],"collection":[{"href":"https:\/\/medicalaid-india.com\/en\/wp-json\/wp\/v2\/pages"}],"about":[{"href":"https:\/\/medicalaid-india.com\/en\/wp-json\/wp\/v2\/types\/page"}],"author":[{"embeddable":true,"href":"https:\/\/medicalaid-india.com\/en\/wp-json\/wp\/v2\/users\/2"}],"replies":[{"embeddable":true,"href":"https:\/\/medicalaid-india.com\/en\/wp-json\/wp\/v2\/comments?post=287"}],"version-history":[{"count":10,"href":"https:\/\/medicalaid-india.com\/en\/wp-json\/wp\/v2\/pages\/287\/revisions"}],"predecessor-version":[{"id":985,"href":"https:\/\/medicalaid-india.com\/en\/wp-json\/wp\/v2\/pages\/287\/revisions\/985"}],"wp:attachment":[{"href":"https:\/\/medicalaid-india.com\/en\/wp-json\/wp\/v2\/media?parent=287"}],"curies":[{"name":"wp","href":"https:\/\/api.w.org\/{rel}","templated":true}]}}